{"id":28,"date":"2025-06-13T10:35:57","date_gmt":"2025-06-13T10:35:57","guid":{"rendered":"https:\/\/rotabilisim.com\/?page_id=28"},"modified":"2025-06-13T14:02:38","modified_gmt":"2025-06-13T14:02:38","slug":"hakkimizda","status":"publish","type":"page","link":"https:\/\/rotabilisim.com\/index.php\/hakkimizda\/","title":{"rendered":"Hakk\u0131m\u0131zda"},"content":{"rendered":"\n<p>G\u00fc\u00e7l\u00fc teknik kadromuz ile yenilik\u00e7i, dinamik, verimli, g\u00fcvenilir bir tak\u0131m ruhu anlay\u0131\u015f\u0131nda; kalite, zaman\u0131ndal\u0131k ve m\u00fc\u015fteri memnuniyeti ilkelerinden taviz vermeden d\u00fcnya standartlar\u0131na uygun olarak optimal fiyatlarla ve m\u00fcmk\u00fcn oldu\u011funca \u00e7ok istihdam yaratarak \u00e7evremize hizmet sunmaktay\u0131z.<\/p>\n\n\n\n<p>&nbsp; M\u00fc\u015fteri memnuniyetini artt\u0131rmaya y\u00f6nelik, m\u00fc\u015fterilerimizin mevcut ve gelecekteki beklentilerini kar\u015f\u0131layacak bi\u00e7imde, t\u00fcm \u00e7al\u0131\u015fanlar\u0131m\u0131z\u0131n aktif g\u00f6rev ald\u0131\u011f\u0131 bir tak\u0131m ruhu ile teknolojik geli\u015fmelere g\u00f6re kendimizi yeniliyor; siz de\u011ferli m\u00fc\u015fterilerimiz ve b\u00f6lgemizin geli\u015fimi i\u00e7in durmaks\u0131z\u0131n \u00e7al\u0131\u015f\u0131yoruz.&nbsp;&nbsp;&nbsp;&nbsp;&nbsp;&nbsp;<br>&nbsp;<\/p>\n\n\n\n<h3 class=\"wp-block-heading\">Hizmetlerimiz;<\/h3>\n\n\n\n<ul class=\"wp-block-list\">\n<li>YAZARKASA, TERAZ\u0130, BARKOD, RAF ET\u0130KETLER\u0130 TONER VE KARTU\u015e DOLUMU<\/li>\n\n\n\n<li>B\u0130LG\u0130SAYAR VE SARF MALZEME SATI\u015e, ONARIM<\/li>\n\n\n\n<li>VEGA YAZILIM KARAB\u00dcK BAY\u0130S\u0130<\/li>\n\n\n\n<li>SO\u011eUK VE SICAK SATI\u015e OTOMASYONU<\/li>\n\n\n\n<li>TERAZ\u0130 VE YAZARKASA SATI\u015e, ONARIM<\/li>\n\n\n\n<li>G\u00dcVENL\u0130K S\u0130STEMLER\u0130<\/li>\n\n\n\n<li>MA\u011eAZA VE MARKET BARKOD OTOMASYONLARI<\/li>\n<\/ul>\n","protected":false},"excerpt":{"rendered":"<p>G\u00fc\u00e7l\u00fc teknik kadromuz ile yenilik\u00e7i, dinamik, verimli, g\u00fcvenilir bir tak\u0131m ruhu anlay\u0131\u015f\u0131nda; kalite, zaman\u0131ndal\u0131k ve m\u00fc\u015fteri memnuniyeti ilkelerinden taviz vermeden d\u00fcnya standartlar\u0131na uygun olarak optimal fiyatlarla ve m\u00fcmk\u00fcn oldu\u011funca \u00e7ok istihdam yaratarak \u00e7evremize hizmet sunmaktay\u0131z. &nbsp; M\u00fc\u015fteri memnuniyetini artt\u0131rmaya y\u00f6nelik, m\u00fc\u015fterilerimizin mevcut ve gelecekteki beklentilerini kar\u015f\u0131layacak bi\u00e7imde, t\u00fcm \u00e7al\u0131\u015fanlar\u0131m\u0131z\u0131n aktif g\u00f6rev ald\u0131\u011f\u0131 bir tak\u0131m ruhu [&hellip;]<\/p>\n","protected":false},"author":1,"featured_media":0,"parent":0,"menu_order":0,"comment_status":"closed","ping_status":"closed","template":"","meta":{"om_disable_all_campaigns":false,"_monsterinsights_skip_tracking":false,"_monsterinsights_sitenote_active":false,"_monsterinsights_sitenote_note":"","_monsterinsights_sitenote_category":0,"footnotes":""},"class_list":["post-28","page","type-page","status-publish","hentry"],"aioseo_notices":[],"_links":{"self":[{"href":"https:\/\/rotabilisim.com\/index.php\/wp-json\/wp\/v2\/pages\/28","targetHints":{"allow":["GET"]}}],"collection":[{"href":"https:\/\/rotabilisim.com\/index.php\/wp-json\/wp\/v2\/pages"}],"about":[{"href":"https:\/\/rotabilisim.com\/index.php\/wp-json\/wp\/v2\/types\/page"}],"author":[{"embeddable":true,"href":"https:\/\/rotabilisim.com\/index.php\/wp-json\/wp\/v2\/users\/1"}],"replies":[{"embeddable":true,"href":"https:\/\/rotabilisim.com\/index.php\/wp-json\/wp\/v2\/comments?post=28"}],"version-history":[{"count":3,"href":"https:\/\/rotabilisim.com\/index.php\/wp-json\/wp\/v2\/pages\/28\/revisions"}],"predecessor-version":[{"id":77,"href":"https:\/\/rotabilisim.com\/index.php\/wp-json\/wp\/v2\/pages\/28\/revisions\/77"}],"wp:attachment":[{"href":"https:\/\/rotabilisim.com\/index.php\/wp-json\/wp\/v2\/media?parent=28"}],"curies":[{"name":"wp","href":"https:\/\/api.w.org\/{rel}","templated":true}]}}